{"id":1483,"date":"2025-08-15T19:32:55","date_gmt":"2025-08-15T19:32:55","guid":{"rendered":"https:\/\/klf.nyc\/?page_id=1483"},"modified":"2025-08-15T20:32:00","modified_gmt":"2025-08-15T20:32:00","slug":"yitzchok-kotkes","status":"publish","type":"page","link":"https:\/\/klf.nyc\/es\/attorneys\/yitzchok-kotkes\/","title":{"rendered":"Yitzchok Kotkes"},"content":{"rendered":"<div data-elementor-type=\"wp-page\" data-elementor-id=\"1483\" class=\"elementor elementor-1483\" data-elementor-post-type=\"page\">\n\t\t\t\t<div class=\"elementor-element elementor-element-a6f1d90 e-flex e-con-boxed e-con e-parent\" data-id=\"a6f1d90\" data-element_type=\"container\" data-e-type=\"container\" data-settings=\"{&quot;background_background&quot;:&quot;classic&quot;}\">\n\t\t\t\t\t<div class=\"e-con-inner\">\n\t\t\t\t<div class=\"elementor-element elementor-element-a9f5b37 elementor-widget elementor-widget-hfe-breadcrumbs-widget\" data-id=\"a9f5b37\" data-element_type=\"widget\" data-e-type=\"widget\" data-widget_type=\"hfe-breadcrumbs-widget.default\">\n\t\t\t\t<div class=\"elementor-widget-container\">\n\t\t\t\t\t<nav aria-label=\"Breadcrumb\"><ul class=\"hfe-breadcrumbs hfe-breadcrumbs-show-home\"><li class=\"hfe-breadcrumbs-item hfe-breadcrumbs-first\"><span class=\"hfe-breadcrumbs-home-icon\"><\/span><a href=\"https:\/\/klf.nyc\/es\"><span class=\"hfe-breadcrumbs-text\">Inicio<\/span><\/a><\/li><\/ul><\/nav>\t\t\t\t<\/div>\n\t\t\t\t<\/div>\n\t\t\t\t\t<\/div>\n\t\t\t\t<\/div>\n\t\t<div class=\"elementor-element elementor-element-8ebd5c5 e-flex e-con-boxed e-con e-parent\" data-id=\"8ebd5c5\" data-element_type=\"container\" data-e-type=\"container\">\n\t\t\t\t\t<div class=\"e-con-inner\">\n\t\t<div class=\"elementor-element elementor-element-e1cd760 e-con-full e-flex e-con e-child\" data-id=\"e1cd760\" data-element_type=\"container\" data-e-type=\"container\">\n\t\t<div class=\"elementor-element elementor-element-fd65c32 e-con-full e-flex e-con e-child\" data-id=\"fd65c32\" data-element_type=\"container\" data-e-type=\"container\" data-settings=\"{&quot;background_background&quot;:&quot;classic&quot;}\">\n\t\t\t\t<div class=\"elementor-element elementor-element-5177969 elementor-widget elementor-widget-image\" data-id=\"5177969\" data-element_type=\"widget\" data-e-type=\"widget\" data-widget_type=\"image.default\">\n\t\t\t\t<div class=\"elementor-widget-container\">\n\t\t\t\t\t\t\t\t\t\t\t\t\t\t\t<img fetchpriority=\"high\" decoding=\"async\" width=\"700\" height=\"830\" src=\"https:\/\/klf.nyc\/wp-content\/uploads\/2025\/08\/Yitzchok-Kotkes.webp\" class=\"attachment-large size-large wp-image-1491\" alt=\"\" srcset=\"https:\/\/klf.nyc\/wp-content\/uploads\/2025\/08\/Yitzchok-Kotkes.webp 700w, https:\/\/klf.nyc\/wp-content\/uploads\/2025\/08\/Yitzchok-Kotkes-253x300.webp 253w, https:\/\/klf.nyc\/wp-content\/uploads\/2025\/08\/Yitzchok-Kotkes-10x12.webp 10w\" sizes=\"(max-width: 700px) 100vw, 700px\" \/>\t\t\t\t\t\t\t\t\t\t\t\t\t\t\t<\/div>\n\t\t\t\t<\/div>\n\t\t\t\t<div class=\"elementor-element elementor-element-bf0a586 elementor-widget elementor-widget-heading\" data-id=\"bf0a586\" data-element_type=\"widget\" data-e-type=\"widget\" data-widget_type=\"heading.default\">\n\t\t\t\t<div class=\"elementor-widget-container\">\n\t\t\t\t\t<h2 class=\"elementor-heading-title elementor-size-default\">Abogado<\/h2>\t\t\t\t<\/div>\n\t\t\t\t<\/div>\n\t\t<div class=\"elementor-element elementor-element-255aa68 e-con-full e-flex e-con e-child\" data-id=\"255aa68\" data-element_type=\"container\" data-e-type=\"container\">\n\t\t\t\t<div class=\"elementor-element elementor-element-a37f527 elementor-widget elementor-widget-heading\" data-id=\"a37f527\" data-element_type=\"widget\" data-e-type=\"widget\" data-widget_type=\"heading.default\">\n\t\t\t\t<div class=\"elementor-widget-container\">\n\t\t\t\t\t<h2 class=\"elementor-heading-title elementor-size-default\">80-02 Kew Gardens Road, Suite 307, Kew Gardens, NY 11415<\/h2>\t\t\t\t<\/div>\n\t\t\t\t<\/div>\n\t\t\t\t<div class=\"elementor-element elementor-element-d0f1a8a elementor-widget elementor-widget-heading\" data-id=\"d0f1a8a\" data-element_type=\"widget\" data-e-type=\"widget\" data-widget_type=\"heading.default\">\n\t\t\t\t<div class=\"elementor-widget-container\">\n\t\t\t\t\t<h2 class=\"elementor-heading-title elementor-size-default\"><a href=\"mailto:info@klf.nyc\">info@klf.nyc<\/a><\/h2>\t\t\t\t<\/div>\n\t\t\t\t<\/div>\n\t\t\t\t<div class=\"elementor-element elementor-element-941ac3c elementor-widget elementor-widget-heading\" data-id=\"941ac3c\" data-element_type=\"widget\" data-e-type=\"widget\" data-widget_type=\"heading.default\">\n\t\t\t\t<div class=\"elementor-widget-container\">\n\t\t\t\t\t<h2 class=\"elementor-heading-title elementor-size-default\"><a href=\"tel:7182558585\">Tel: (718) 255-8585<\/a><\/h2>\t\t\t\t<\/div>\n\t\t\t\t<\/div>\n\t\t\t\t<div class=\"elementor-element elementor-element-6755824 elementor-shape-rounded elementor-grid-0 e-grid-align-center elementor-widget elementor-widget-social-icons\" data-id=\"6755824\" data-element_type=\"widget\" data-e-type=\"widget\" data-widget_type=\"social-icons.default\">\n\t\t\t\t<div class=\"elementor-widget-container\">\n\t\t\t\t\t\t\t<div class=\"elementor-social-icons-wrapper elementor-grid\" role=\"list\">\n\t\t\t\t\t\t\t<span class=\"elementor-grid-item\" role=\"listitem\">\n\t\t\t\t\t<a class=\"elementor-icon elementor-social-icon elementor-social-icon-facebook elementor-repeater-item-2c6f5ba\" target=\"_blank\">\n\t\t\t\t\t\t<span class=\"elementor-screen-only\">Facebook<\/span>\n\t\t\t\t\t\t<i aria-hidden=\"true\" class=\"fab fa-facebook\"><\/i>\t\t\t\t\t<\/a>\n\t\t\t\t<\/span>\n\t\t\t\t\t\t\t<span class=\"elementor-grid-item\" role=\"listitem\">\n\t\t\t\t\t<a class=\"elementor-icon elementor-social-icon elementor-social-icon-x-twitter elementor-repeater-item-8459a9a\" target=\"_blank\">\n\t\t\t\t\t\t<span class=\"elementor-screen-only\">X-twitter<\/span>\n\t\t\t\t\t\t<i aria-hidden=\"true\" class=\"fab fa-x-twitter\"><\/i>\t\t\t\t\t<\/a>\n\t\t\t\t<\/span>\n\t\t\t\t\t\t\t<span class=\"elementor-grid-item\" role=\"listitem\">\n\t\t\t\t\t<a class=\"elementor-icon elementor-social-icon elementor-social-icon-linkedin elementor-repeater-item-886d2c4\" target=\"_blank\">\n\t\t\t\t\t\t<span class=\"elementor-screen-only\">Linkedin<\/span>\n\t\t\t\t\t\t<i aria-hidden=\"true\" class=\"fab fa-linkedin\"><\/i>\t\t\t\t\t<\/a>\n\t\t\t\t<\/span>\n\t\t\t\t\t<\/div>\n\t\t\t\t\t\t<\/div>\n\t\t\t\t<\/div>\n\t\t\t\t<\/div>\n\t\t\t\t<\/div>\n\t\t\t\t<\/div>\n\t\t<div class=\"elementor-element elementor-element-c4c5ce6 e-con-full e-flex e-con e-child\" data-id=\"c4c5ce6\" data-element_type=\"container\" data-e-type=\"container\">\n\t\t\t\t<div class=\"elementor-element elementor-element-111ded6 elementor-widget elementor-widget-heading\" data-id=\"111ded6\" data-element_type=\"widget\" data-e-type=\"widget\" data-widget_type=\"heading.default\">\n\t\t\t\t<div class=\"elementor-widget-container\">\n\t\t\t\t\t<h2 class=\"elementor-heading-title elementor-size-default\">Biograf\u00eda<\/h2>\t\t\t\t<\/div>\n\t\t\t\t<\/div>\n\t\t\t\t<div class=\"elementor-element elementor-element-c9ad4a3 elementor-widget elementor-widget-text-editor\" data-id=\"c9ad4a3\" data-element_type=\"widget\" data-e-type=\"widget\" data-widget_type=\"text-editor.default\">\n\t\t\t\t<div class=\"elementor-widget-container\">\n\t\t\t\t\t\t\t\t\t<div class=\"elementor-element elementor-element-7605eda5 elementor-widget elementor-widget-text-editor\" data-id=\"7605eda5\" data-element_type=\"widget\" data-widget_type=\"text-editor.default\"><div class=\"elementor-widget-container\"><strong>Sin Rendirse. Sin Compromisos. Sus Derechos Primero.<\/strong><br \/>\u00a0Yitzchok Kotkes, Esq. es Abogado Asociado en Kerben Law Firm, P.C., donde representa a clientes en derecho de inmigraci\u00f3n, defensa penal, litigios civiles complejos, arbitrajes comerciales de alto nivel y casos de lesiones personales. Comparece en todos los foros, incluyendo tribunales estatales, tribunales federales, cortes de inmigraci\u00f3n y paneles de arbitraje, aportando siempre la misma preparaci\u00f3n meticulosa, habilidad estrat\u00e9gica y defensa en\u00e9rgica a cada asunto, sin importar su tama\u00f1o o complejidad.\u00a0<\/div><div class=\"elementor-widget-container\">\u00a0<\/div><div class=\"elementor-widget-container\">En materia de inmigraci\u00f3n, el Sr. Kotkes maneja casos de asilo, suspensi\u00f3n de deportaci\u00f3n, cancelaci\u00f3n de deportaci\u00f3n bajo la secci\u00f3n 42B y defensa en procesos de deportaci\u00f3n tanto para personas detenidas como no detenidas. Su experiencia m\u00e1s amplia en litigios incluye casos civiles complejos, disputas por incumplimiento de contrato, acciones de derechos civiles bajo la Secci\u00f3n 1983, reclamos por lesiones personales y arbitrajes de alto valor. En un caso destacado, el Sr. Kotkes present\u00f3 con \u00e9xito un procedimiento bajo el Art\u00edculo 75 en Matter of Browne v. NYC Department of Education, convenciendo al tribunal de anular una decisi\u00f3n de despido contra un maestro con larga trayectoria y de remitir el caso para imponer una sanci\u00f3n menor, un resultado que evidenci\u00f3 su capacidad para obtener victorias en foros disputados y de alto riesgo.<\/div><div class=\"elementor-widget-container\">\u00a0<\/div><div class=\"elementor-widget-container\">Estratega y solucionador de problemas, el Sr. Kotkes escucha atentamente a sus clientes, identifica sus objetivos y dise\u00f1a estrategias legales precisas para alcanzarlos. Ya sea defendiendo a personas acusadas injustamente, protegiendo derechos civiles, manejando complejos asuntos migratorios, asegurando la compensaci\u00f3n que corresponde por ley o interponiendo acciones para garantizar que se respeten los derechos de sus clientes, est\u00e1 comprometido a ofrecer el m\u00e1s alto nivel de defensa y a lograr lo que es justo. El Sr. Kotkes lucha por los derechos de sus clientes y tiene un solo objetivo: asegurar que esos derechos est\u00e9n protegidos. Si busca un abogado que luche con todas sus fuerzas para defender sus derechos y alcanzar sus metas, el Sr. Kotkes es esa persona.<\/div><\/div>\t\t\t\t\t\t\t\t<\/div>\n\t\t\t\t<\/div>\n\t\t\t\t<div class=\"elementor-element elementor-element-a841dce elementor-widget elementor-widget-heading\" data-id=\"a841dce\" data-element_type=\"widget\" data-e-type=\"widget\" data-widget_type=\"heading.default\">\n\t\t\t\t<div class=\"elementor-widget-container\">\n\t\t\t\t\t<h2 class=\"elementor-heading-title elementor-size-default\">\ud83c\udf93Educaci\u00f3n<\/h2>\t\t\t\t<\/div>\n\t\t\t\t<\/div>\n\t\t\t\t<div class=\"elementor-element elementor-element-7533616 elementor-icon-list--layout-traditional elementor-list-item-link-full_width elementor-widget elementor-widget-icon-list\" data-id=\"7533616\" data-element_type=\"widget\" data-e-type=\"widget\" data-widget_type=\"icon-list.default\">\n\t\t\t\t<div class=\"elementor-widget-container\">\n\t\t\t\t\t\t\t<ul class=\"elementor-icon-list-items\">\n\t\t\t\t\t\t\t<li class=\"elementor-icon-list-item\">\n\t\t\t\t\t\t\t\t\t\t\t<span class=\"elementor-icon-list-icon\">\n\t\t\t\t\t\t\t<i aria-hidden=\"true\" class=\"fas fa-chevron-circle-right\"><\/i>\t\t\t\t\t\t<\/span>\n\t\t\t\t\t\t\t\t\t\t<span class=\"elementor-icon-list-text\">J.D., Magna Cum LJ.D., Hofstra Law School \u2013 Full-Tuition Merit Scholarshipaude, Touro University Jacob D. Fuchsberg Law Center<\/span>\n\t\t\t\t\t\t\t\t\t<\/li>\n\t\t\t\t\t\t\t\t<li class=\"elementor-icon-list-item\">\n\t\t\t\t\t\t\t\t\t\t\t<span class=\"elementor-icon-list-icon\">\n\t\t\t\t\t\t\t<i aria-hidden=\"true\" class=\"fas fa-chevron-circle-right\"><\/i>\t\t\t\t\t\t<\/span>\n\t\t\t\t\t\t\t\t\t\t<span class=\"elementor-icon-list-text\">Queens College, magna cum laude \u2013 B.A., Economics and Accounting, High Honors<\/span>\n\t\t\t\t\t\t\t\t\t<\/li>\n\t\t\t\t\t\t<\/ul>\n\t\t\t\t\t\t<\/div>\n\t\t\t\t<\/div>\n\t\t\t\t<div class=\"elementor-element elementor-element-6c7222b elementor-widget elementor-widget-heading\" data-id=\"6c7222b\" data-element_type=\"widget\" data-e-type=\"widget\" data-widget_type=\"heading.default\">\n\t\t\t\t<div class=\"elementor-widget-container\">\n\t\t\t\t\t<h2 class=\"elementor-heading-title elementor-size-default\">\u2696\ufe0f Admisiones en el Tribunal<\/h2>\t\t\t\t<\/div>\n\t\t\t\t<\/div>\n\t\t\t\t<div class=\"elementor-element elementor-element-62c5f42 elementor-icon-list--layout-traditional elementor-list-item-link-full_width elementor-widget elementor-widget-icon-list\" data-id=\"62c5f42\" data-element_type=\"widget\" data-e-type=\"widget\" data-widget_type=\"icon-list.default\">\n\t\t\t\t<div class=\"elementor-widget-container\">\n\t\t\t\t\t\t\t<ul class=\"elementor-icon-list-items\">\n\t\t\t\t\t\t\t<li class=\"elementor-icon-list-item\">\n\t\t\t\t\t\t\t\t\t\t\t<span class=\"elementor-icon-list-icon\">\n\t\t\t\t\t\t\t<i aria-hidden=\"true\" class=\"fas fa-chevron-circle-right\"><\/i>\t\t\t\t\t\t<\/span>\n\t\t\t\t\t\t\t\t\t\t<span class=\"elementor-icon-list-text\">State of New York<\/span>\n\t\t\t\t\t\t\t\t\t<\/li>\n\t\t\t\t\t\t\t\t<li class=\"elementor-icon-list-item\">\n\t\t\t\t\t\t\t\t\t\t\t<span class=\"elementor-icon-list-icon\">\n\t\t\t\t\t\t\t<i aria-hidden=\"true\" class=\"fas fa-chevron-circle-right\"><\/i>\t\t\t\t\t\t<\/span>\n\t\t\t\t\t\t\t\t\t\t<span class=\"elementor-icon-list-text\">U.S. District Court, Southern District of New York<\/span>\n\t\t\t\t\t\t\t\t\t<\/li>\n\t\t\t\t\t\t\t\t<li class=\"elementor-icon-list-item\">\n\t\t\t\t\t\t\t\t\t\t\t<span class=\"elementor-icon-list-icon\">\n\t\t\t\t\t\t\t<i aria-hidden=\"true\" class=\"fas fa-chevron-circle-right\"><\/i>\t\t\t\t\t\t<\/span>\n\t\t\t\t\t\t\t\t\t\t<span class=\"elementor-icon-list-text\">U.S. District Court, Eastern District of New York<\/span>\n\t\t\t\t\t\t\t\t\t<\/li>\n\t\t\t\t\t\t\t\t<li class=\"elementor-icon-list-item\">\n\t\t\t\t\t\t\t\t\t\t\t<span class=\"elementor-icon-list-icon\">\n\t\t\t\t\t\t\t<i aria-hidden=\"true\" class=\"fas fa-chevron-circle-right\"><\/i>\t\t\t\t\t\t<\/span>\n\t\t\t\t\t\t\t\t\t\t<span class=\"elementor-icon-list-text\">U.S. Court of Appeals for the Second Circuit<\/span>\n\t\t\t\t\t\t\t\t\t<\/li>\n\t\t\t\t\t\t\t\t<li class=\"elementor-icon-list-item\">\n\t\t\t\t\t\t\t\t\t\t\t<span class=\"elementor-icon-list-icon\">\n\t\t\t\t\t\t\t<i aria-hidden=\"true\" class=\"fas fa-chevron-circle-right\"><\/i>\t\t\t\t\t\t<\/span>\n\t\t\t\t\t\t\t\t\t\t<span class=\"elementor-icon-list-text\">U.S. Bankruptcy Court, Southern District of New York<\/span>\n\t\t\t\t\t\t\t\t\t<\/li>\n\t\t\t\t\t\t\t\t<li class=\"elementor-icon-list-item\">\n\t\t\t\t\t\t\t\t\t\t\t<span class=\"elementor-icon-list-icon\">\n\t\t\t\t\t\t\t<i aria-hidden=\"true\" class=\"fas fa-chevron-circle-right\"><\/i>\t\t\t\t\t\t<\/span>\n\t\t\t\t\t\t\t\t\t\t<span class=\"elementor-icon-list-text\">U.S. Bankruptcy Court, Eastern District of New York<\/span>\n\t\t\t\t\t\t\t\t\t<\/li>\n\t\t\t\t\t\t<\/ul>\n\t\t\t\t\t\t<\/div>\n\t\t\t\t<\/div>\n\t\t\t\t<\/div>\n\t\t\t\t\t<\/div>\n\t\t\t\t<\/div>\n\t\t<div class=\"elementor-element elementor-element-a3bd919 e-flex e-con-boxed e-con e-parent\" data-id=\"a3bd919\" data-element_type=\"container\" data-e-type=\"container\" data-settings=\"{&quot;background_background&quot;:&quot;classic&quot;}\">\n\t\t\t\t\t<div class=\"e-con-inner\">\n\t\t<div class=\"elementor-element elementor-element-989a835 e-con-full e-flex e-con e-child\" data-id=\"989a835\" data-element_type=\"container\" data-e-type=\"container\">\n\t\t\t\t<div class=\"elementor-element elementor-element-3c1cae0 elementor-widget elementor-widget-heading\" data-id=\"3c1cae0\" data-element_type=\"widget\" data-e-type=\"widget\" data-widget_type=\"heading.default\">\n\t\t\t\t<div class=\"elementor-widget-container\">\n\t\t\t\t\t<h2 class=\"elementor-heading-title elementor-size-default\">Cons\u00faltanos ahora<\/h2>\t\t\t\t<\/div>\n\t\t\t\t<\/div>\n\t\t\t\t<\/div>\n\t\t<div class=\"elementor-element elementor-element-05ddcd4 e-con-full e-flex e-con e-child\" data-id=\"05ddcd4\" data-element_type=\"container\" data-e-type=\"container\">\n\t\t<div class=\"elementor-element elementor-element-09e43e6 e-con-full e-flex e-con e-child\" data-id=\"09e43e6\" data-element_type=\"container\" data-e-type=\"container\">\n\t\t\t\t<div class=\"elementor-element elementor-element-324a8e7 elementor-align-justify elementor-mobile-align-justify elementor-widget__width-inherit elementor-widget elementor-widget-button\" data-id=\"324a8e7\" data-element_type=\"widget\" data-e-type=\"widget\" data-widget_type=\"button.default\">\n\t\t\t\t<div class=\"elementor-widget-container\">\n\t\t\t\t\t\t\t\t\t<div class=\"elementor-button-wrapper\">\n\t\t\t\t\t<a class=\"elementor-button elementor-button-link elementor-size-sm\" href=\"tel:718255-8585\">\n\t\t\t\t\t\t<span class=\"elementor-button-content-wrapper\">\n\t\t\t\t\t\t<span class=\"elementor-button-icon\">\n\t\t\t\t<i aria-hidden=\"true\" class=\"fas fa-phone-alt\"><\/i>\t\t\t<\/span>\n\t\t\t\t\t\t\t\t\t<span class=\"elementor-button-text\">Llama ahora<\/span>\n\t\t\t\t\t<\/span>\n\t\t\t\t\t<\/a>\n\t\t\t\t<\/div>\n\t\t\t\t\t\t\t\t<\/div>\n\t\t\t\t<\/div>\n\t\t\t\t<\/div>\n\t\t<div class=\"elementor-element elementor-element-943f375 e-con-full e-flex e-con e-child\" data-id=\"943f375\" data-element_type=\"container\" data-e-type=\"container\">\n\t\t\t\t<div class=\"elementor-element elementor-element-a613a20 elementor-align-justify elementor-mobile-align-justify elementor-widget__width-inherit elementor-widget elementor-widget-button\" data-id=\"a613a20\" data-element_type=\"widget\" data-e-type=\"widget\" data-widget_type=\"button.default\">\n\t\t\t\t<div class=\"elementor-widget-container\">\n\t\t\t\t\t\t\t\t\t<div class=\"elementor-button-wrapper\">\n\t\t\t\t\t<a class=\"elementor-button elementor-button-link elementor-size-sm\" href=\"\/es\/#contact\">\n\t\t\t\t\t\t<span class=\"elementor-button-content-wrapper\">\n\t\t\t\t\t\t\t\t\t<span class=\"elementor-button-text\">AGENDAR CONSULTA GRATIS<\/span>\n\t\t\t\t\t<\/span>\n\t\t\t\t\t<\/a>\n\t\t\t\t<\/div>\n\t\t\t\t\t\t\t\t<\/div>\n\t\t\t\t<\/div>\n\t\t\t\t<\/div>\n\t\t\t\t<\/div>\n\t\t\t\t\t<\/div>\n\t\t\t\t<\/div>\n\t\t\t\t<\/div>","protected":false},"excerpt":{"rendered":"<p>Reuben S. Kerben, Esq. es el abogado gerente de Kerben Law Firm, P.C., donde dirige una pr\u00e1ctica nacional centrada en litigios de inmigraci\u00f3n, incluyendo la defensa de expulsi\u00f3n, apelaciones federales, y una amplia gama de asuntos basados en la familia y humanitarios.\u00a0<\/p>","protected":false},"author":1,"featured_media":1039,"parent":1189,"menu_order":0,"comment_status":"closed","ping_status":"closed","template":"","meta":{"_joinchat":[],"footnotes":""},"class_list":["post-1483","page","type-page","status-publish","has-post-thumbnail","hentry"],"yoast_head":"<!-- This site is optimized with the Yoast SEO plugin v27.5 - https:\/\/yoast.com\/product\/yoast-seo-wordpress\/ -->\n<title>Yitzchok Kotkes - Kerben Law Firm<\/title>\n<meta name=\"robots\" content=\"index, follow, max-snippet:-1, max-image-preview:large, max-video-preview:-1\" \/>\n<link rel=\"canonical\" href=\"https:\/\/klf.nyc\/es\/attorneys\/yitzchok-kotkes\/\" \/>\n<meta property=\"og:locale\" content=\"es_ES\" \/>\n<meta property=\"og:type\" content=\"article\" \/>\n<meta property=\"og:title\" content=\"Yitzchok Kotkes - Kerben Law Firm\" \/>\n<meta property=\"og:description\" content=\"Reuben S. Kerben, Esq. is the Managing Attorney of Kerben Law Firm, P.C., where he leads a national practice focused on immigration litigation, including removal defense, federal appeals, and a full range of family- and humanitarian-based matters.\u00a0\" \/>\n<meta property=\"og:url\" content=\"https:\/\/klf.nyc\/es\/attorneys\/yitzchok-kotkes\/\" \/>\n<meta property=\"og:site_name\" content=\"Kerben Law Firm\" \/>\n<meta property=\"article:modified_time\" content=\"2025-08-15T20:32:00+00:00\" \/>\n<meta property=\"og:image\" content=\"https:\/\/klf.nyc\/wp-content\/uploads\/2025\/06\/Facetune_16-06-2025-12-05-57-scaled.jpeg\" \/>\n\t<meta property=\"og:image:width\" content=\"2560\" \/>\n\t<meta property=\"og:image:height\" content=\"1707\" \/>\n\t<meta property=\"og:image:type\" content=\"image\/jpeg\" \/>\n<meta name=\"twitter:card\" content=\"summary_large_image\" \/>\n<meta name=\"twitter:label1\" content=\"Tiempo de lectura\" \/>\n\t<meta name=\"twitter:data1\" content=\"2 minutos\" \/>\n<script type=\"application\/ld+json\" class=\"yoast-schema-graph\">{\"@context\":\"https:\\\/\\\/schema.org\",\"@graph\":[{\"@type\":\"WebPage\",\"@id\":\"https:\\\/\\\/klf.nyc\\\/attorneys\\\/yitzchok-kotkes\\\/\",\"url\":\"https:\\\/\\\/klf.nyc\\\/attorneys\\\/yitzchok-kotkes\\\/\",\"name\":\"Yitzchok Kotkes - Kerben Law Firm\",\"isPartOf\":{\"@id\":\"https:\\\/\\\/klf.nyc\\\/#website\"},\"primaryImageOfPage\":{\"@id\":\"https:\\\/\\\/klf.nyc\\\/attorneys\\\/yitzchok-kotkes\\\/#primaryimage\"},\"image\":{\"@id\":\"https:\\\/\\\/klf.nyc\\\/attorneys\\\/yitzchok-kotkes\\\/#primaryimage\"},\"thumbnailUrl\":\"https:\\\/\\\/klf.nyc\\\/wp-content\\\/uploads\\\/2025\\\/06\\\/Facetune_16-06-2025-12-05-57-scaled.jpeg\",\"datePublished\":\"2025-08-15T19:32:55+00:00\",\"dateModified\":\"2025-08-15T20:32:00+00:00\",\"breadcrumb\":{\"@id\":\"https:\\\/\\\/klf.nyc\\\/attorneys\\\/yitzchok-kotkes\\\/#breadcrumb\"},\"inLanguage\":\"es\",\"potentialAction\":[{\"@type\":\"ReadAction\",\"target\":[\"https:\\\/\\\/klf.nyc\\\/attorneys\\\/yitzchok-kotkes\\\/\"]}]},{\"@type\":\"ImageObject\",\"inLanguage\":\"es\",\"@id\":\"https:\\\/\\\/klf.nyc\\\/attorneys\\\/yitzchok-kotkes\\\/#primaryimage\",\"url\":\"https:\\\/\\\/klf.nyc\\\/wp-content\\\/uploads\\\/2025\\\/06\\\/Facetune_16-06-2025-12-05-57-scaled.jpeg\",\"contentUrl\":\"https:\\\/\\\/klf.nyc\\\/wp-content\\\/uploads\\\/2025\\\/06\\\/Facetune_16-06-2025-12-05-57-scaled.jpeg\",\"width\":2560,\"height\":1707},{\"@type\":\"BreadcrumbList\",\"@id\":\"https:\\\/\\\/klf.nyc\\\/attorneys\\\/yitzchok-kotkes\\\/#breadcrumb\",\"itemListElement\":[{\"@type\":\"ListItem\",\"position\":1,\"name\":\"Home\",\"item\":\"https:\\\/\\\/klf.nyc\\\/\"},{\"@type\":\"ListItem\",\"position\":2,\"name\":\"Attorneys\",\"item\":\"https:\\\/\\\/klf.nyc\\\/attorneys\\\/\"},{\"@type\":\"ListItem\",\"position\":3,\"name\":\"Yitzchok Kotkes\"}]},{\"@type\":\"WebSite\",\"@id\":\"https:\\\/\\\/klf.nyc\\\/#website\",\"url\":\"https:\\\/\\\/klf.nyc\\\/\",\"name\":\"Kerben Law Firm\",\"description\":\"Immigration &amp; Removal Defense Attorneys\",\"potentialAction\":[{\"@type\":\"SearchAction\",\"target\":{\"@type\":\"EntryPoint\",\"urlTemplate\":\"https:\\\/\\\/klf.nyc\\\/?s={search_term_string}\"},\"query-input\":{\"@type\":\"PropertyValueSpecification\",\"valueRequired\":true,\"valueName\":\"search_term_string\"}}],\"inLanguage\":\"es\"}]}<\/script>\n<!-- \/ Yoast SEO plugin. -->","yoast_head_json":{"title":"Yitzchok Kotkes - Kerben Law Firm","robots":{"index":"index","follow":"follow","max-snippet":"max-snippet:-1","max-image-preview":"max-image-preview:large","max-video-preview":"max-video-preview:-1"},"canonical":"https:\/\/klf.nyc\/es\/attorneys\/yitzchok-kotkes\/","og_locale":"es_ES","og_type":"article","og_title":"Yitzchok Kotkes - Kerben Law Firm","og_description":"Reuben S. Kerben, Esq. is the Managing Attorney of Kerben Law Firm, P.C., where he leads a national practice focused on immigration litigation, including removal defense, federal appeals, and a full range of family- and humanitarian-based matters.\u00a0","og_url":"https:\/\/klf.nyc\/es\/attorneys\/yitzchok-kotkes\/","og_site_name":"Kerben Law Firm","article_modified_time":"2025-08-15T20:32:00+00:00","og_image":[{"width":2560,"height":1707,"url":"https:\/\/klf.nyc\/wp-content\/uploads\/2025\/06\/Facetune_16-06-2025-12-05-57-scaled.jpeg","type":"image\/jpeg"}],"twitter_card":"summary_large_image","twitter_misc":{"Tiempo de lectura":"2 minutos"},"schema":{"@context":"https:\/\/schema.org","@graph":[{"@type":"WebPage","@id":"https:\/\/klf.nyc\/attorneys\/yitzchok-kotkes\/","url":"https:\/\/klf.nyc\/attorneys\/yitzchok-kotkes\/","name":"Yitzchok Kotkes - Kerben Law Firm","isPartOf":{"@id":"https:\/\/klf.nyc\/#website"},"primaryImageOfPage":{"@id":"https:\/\/klf.nyc\/attorneys\/yitzchok-kotkes\/#primaryimage"},"image":{"@id":"https:\/\/klf.nyc\/attorneys\/yitzchok-kotkes\/#primaryimage"},"thumbnailUrl":"https:\/\/klf.nyc\/wp-content\/uploads\/2025\/06\/Facetune_16-06-2025-12-05-57-scaled.jpeg","datePublished":"2025-08-15T19:32:55+00:00","dateModified":"2025-08-15T20:32:00+00:00","breadcrumb":{"@id":"https:\/\/klf.nyc\/attorneys\/yitzchok-kotkes\/#breadcrumb"},"inLanguage":"es","potentialAction":[{"@type":"ReadAction","target":["https:\/\/klf.nyc\/attorneys\/yitzchok-kotkes\/"]}]},{"@type":"ImageObject","inLanguage":"es","@id":"https:\/\/klf.nyc\/attorneys\/yitzchok-kotkes\/#primaryimage","url":"https:\/\/klf.nyc\/wp-content\/uploads\/2025\/06\/Facetune_16-06-2025-12-05-57-scaled.jpeg","contentUrl":"https:\/\/klf.nyc\/wp-content\/uploads\/2025\/06\/Facetune_16-06-2025-12-05-57-scaled.jpeg","width":2560,"height":1707},{"@type":"BreadcrumbList","@id":"https:\/\/klf.nyc\/attorneys\/yitzchok-kotkes\/#breadcrumb","itemListElement":[{"@type":"ListItem","position":1,"name":"Home","item":"https:\/\/klf.nyc\/"},{"@type":"ListItem","position":2,"name":"Attorneys","item":"https:\/\/klf.nyc\/attorneys\/"},{"@type":"ListItem","position":3,"name":"Yitzchok Kotkes"}]},{"@type":"WebSite","@id":"https:\/\/klf.nyc\/#website","url":"https:\/\/klf.nyc\/","name":"Kerben Law Firm","description":"Immigration &amp; Removal Defense Attorneys","potentialAction":[{"@type":"SearchAction","target":{"@type":"EntryPoint","urlTemplate":"https:\/\/klf.nyc\/?s={search_term_string}"},"query-input":{"@type":"PropertyValueSpecification","valueRequired":true,"valueName":"search_term_string"}}],"inLanguage":"es"}]}},"_links":{"self":[{"href":"https:\/\/klf.nyc\/es\/wp-json\/wp\/v2\/pages\/1483","targetHints":{"allow":["GET"]}}],"collection":[{"href":"https:\/\/klf.nyc\/es\/wp-json\/wp\/v2\/pages"}],"about":[{"href":"https:\/\/klf.nyc\/es\/wp-json\/wp\/v2\/types\/page"}],"author":[{"embeddable":true,"href":"https:\/\/klf.nyc\/es\/wp-json\/wp\/v2\/users\/1"}],"replies":[{"embeddable":true,"href":"https:\/\/klf.nyc\/es\/wp-json\/wp\/v2\/comments?post=1483"}],"version-history":[{"count":28,"href":"https:\/\/klf.nyc\/es\/wp-json\/wp\/v2\/pages\/1483\/revisions"}],"predecessor-version":[{"id":1537,"href":"https:\/\/klf.nyc\/es\/wp-json\/wp\/v2\/pages\/1483\/revisions\/1537"}],"up":[{"embeddable":true,"href":"https:\/\/klf.nyc\/es\/wp-json\/wp\/v2\/pages\/1189"}],"wp:featuredmedia":[{"embeddable":true,"href":"https:\/\/klf.nyc\/es\/wp-json\/wp\/v2\/media\/1039"}],"wp:attachment":[{"href":"https:\/\/klf.nyc\/es\/wp-json\/wp\/v2\/media?parent=1483"}],"curies":[{"name":"wp","href":"https:\/\/api.w.org\/{rel}","templated":true}]}}